{"id":1283,"date":"2016-06-02T08:19:26","date_gmt":"2016-06-02T06:19:26","guid":{"rendered":"https:\/\/cemal.com.pl\/oferta\/zwojnica\/?lang=en"},"modified":"2021-06-22T22:29:06","modified_gmt":"2021-06-22T20:29:06","slug":"coil","status":"publish","type":"page","link":"https:\/\/cemal.com.pl\/en\/offer\/coil\/","title":{"rendered":"Coil"},"content":{"rendered":"<div class=\"fusion-fullwidth fullwidth-box fusion-fullwidth-1  fusion-parallax-none nonhundred-percent-fullwidth\" style=\"border-color:#eae9e9;border-bottom-width: 0px;border-top-width: 0px;border-bottom-style: solid;border-top-style: solid;padding-bottom:20px;padding-top:30px;padding-left:;padding-right:;background-color:#ffffff;\"><style type=\"text\/css\" scoped=\"scoped\">.fusion-fullwidth-1 {\n                            padding-left: px !important;\n                            padding-right: px !important;\n                        }<\/style><div class=\"fusion-row\"><div class=\"fusion-title title fusion-sep-none fusion-title-center fusion-title-size-one\" style=\"margin-top:15px;margin-bottom:15px;\"><h1 class=\"title-heading-center\">COIL<\/h1><\/div><div class=\"fusion-sep-clear\"><\/div><div class=\"fusion-separator fusion-full-width-sep sep-single\" style=\"border-color:#ed1d24;border-top-width:1px;margin-left: auto;margin-right: auto;margin-top:;\"><span class=\"icon-wrapper\" style=\"border-color:transparent;background-color:#ffffff;\"><i class=\"fa fa-chevron-down\" style=\"color:#ed1d24;\"><\/i><\/span><\/div><div class=\"fusion-sep-clear\"><\/div><div class=\"fusion-separator fusion-full-width-sep sep-none\" style=\"border-color:#e0dede;margin-left: auto;margin-right: auto;margin-top:;margin-bottom:15px;\"><\/div><div class=\"fusion-two-third fusion-layout-column fusion-spacing-yes\" style=\"margin-top:0px;margin-bottom:20px;\"><div class=\"fusion-column-wrapper\"><div class=\"fusion-sep-clear\"><\/div><div class=\"fusion-separator fusion-full-width-sep sep-none\" style=\"border-color:#e0dede;margin-left: auto;margin-right: auto;margin-top:;margin-bottom:15px;\"><\/div><div class=\"imageframe-align-center\"><span style=\"-moz-box-shadow: 0 0 3px rgba(0,0,0,.3);-webkit-box-shadow: 0 0 3px rgba(0,0,0,.3);box-shadow: 0 0 3px rgba(0,0,0,.3);\" class=\"fusion-imageframe imageframe-glow imageframe-1 hover-type-zoomin fusion-animated\" data-animationType=\"fadeInLeft\" data-animationDuration=\"0.5\" data-animationOffset=\"100%\"><a href=\"https:\/\/cemal.com.pl\/wp-content\/uploads\/2016\/06\/zwojnica.jpg\" class=\"fusion-lightbox\" data-rel=\"iLightbox[9a2d47e80cd7d67dadd]\"> <img decoding=\"async\" src=\"https:\/\/cemal.com.pl\/wp-content\/uploads\/2016\/06\/zwojnica.jpg\" alt=\"\"><\/a><\/span><\/div><div class=\"fusion-clearfix\"><\/div><\/div><\/div><div class=\"fusion-one-third fusion-layout-column fusion-column-last fusion-spacing-yes\" style=\"margin-top:0px;margin-bottom:20px;\"><div class=\"fusion-column-wrapper\"><div class=\"accordian fusion-accordian\"><div class=\"panel-group\" id=\"accordion-1283-1\"><div class=\"fusion-panel panel-default\"><div class=\"panel-heading\"><h4 class=\"panel-title toggle\"><a class=\"active\" data-toggle=\"collapse\" data-parent=\"#accordion-1283-1\" data-target=\"#93b84e1dea5f6c40d\" href=\"#93b84e1dea5f6c40d\"><div class=\"fusion-toggle-icon-wrapper\"><i class=\"fa-fusion-box\"><\/i><\/div><div class=\"fusion-toggle-heading\">Material<\/div><\/a><\/h4><\/div><div id=\"93b84e1dea5f6c40d\" class=\"panel-collapse collapse in\"><div class=\"panel-body toggle-content\">\n<div class=\"wpb_text_column wpb_content_element \">\n<div class=\"wpb_wrapper\">\n<p>Copper, aluminium, copper-nickiel.<\/p>\n<\/div>\n<\/div>\n<\/div><\/div><\/div><div class=\"fusion-panel panel-default\"><div class=\"panel-heading\"><h4 class=\"panel-title toggle\"><a data-toggle=\"collapse\" data-parent=\"#accordion-1283-1\" data-target=\"#89d5ca43d5f3e978a\" href=\"#89d5ca43d5f3e978a\"><div class=\"fusion-toggle-icon-wrapper\"><i class=\"fa-fusion-box\"><\/i><\/div><div class=\"fusion-toggle-heading\">Dimensions<\/div><\/a><\/h4><\/div><div id=\"89d5ca43d5f3e978a\" class=\"panel-collapse collapse \"><div class=\"panel-body toggle-content\">Dz = 16 \u2013 32 [mm]<br \/>\n(diameter of fins)<\/div><\/div><\/div><\/div><\/div><div class=\"fusion-sep-clear\"><\/div><div class=\"fusion-separator fusion-full-width-sep sep-none\" style=\"border-color:#e0dede;margin-left: auto;margin-right: auto;margin-top:15px;\"><\/div><span style=\"-moz-box-shadow: 0 0 3px rgba(0,0,0,.3);-webkit-box-shadow: 0 0 3px rgba(0,0,0,.3);box-shadow: 0 0 3px rgba(0,0,0,.3);\" class=\"fusion-imageframe imageframe-glow imageframe-2 hover-type-zoomin fusion-animated\" data-animationType=\"fadeInRight\" data-animationDuration=\"0.5\" data-animationOffset=\"100%\"><a href=\"https:\/\/cemal.com.pl\/wp-content\/uploads\/2016\/06\/zwojnica2.jpg\" class=\"fusion-lightbox\" data-rel=\"iLightbox[id]\"> <img decoding=\"async\" src=\"https:\/\/cemal.com.pl\/wp-content\/uploads\/2016\/06\/zwojnica2.jpg\" alt=\"\"><\/a><\/span><div class=\"fusion-clearfix\"><\/div><\/div><\/div><div class=\"fusion-clearfix\"><\/div><\/div><\/div>\n","protected":false},"excerpt":{"rendered":"","protected":false},"author":1,"featured_media":0,"parent":1280,"menu_order":0,"comment_status":"closed","ping_status":"closed","template":"100-width.php","meta":{"footnotes":""},"class_list":["post-1283","page","type-page","status-publish","hentry"],"yoast_head":"<!-- This site is optimized with the Yoast SEO plugin v27.3 - https:\/\/yoast.com\/product\/yoast-seo-wordpress\/ -->\n<title>Coil &#8226; Cemal.com.pl<\/title>\n<meta name=\"description\" content=\"Mamy ponad 25 lat do\u015bwiadczenia w produkcji rur \u017cebrowanych. Nasza technologia pozwala na produkcj\u0119 metod\u0105 integralnego walcowania na zimno.\" \/>\n<meta name=\"robots\" content=\"index, follow, max-snippet:-1, max-image-preview:large, max-video-preview:-1\" \/>\n<link rel=\"canonical\" href=\"https:\/\/cemal.com.pl\/en\/offer\/coil\/\" \/>\n<meta property=\"og:locale\" content=\"en_US\" \/>\n<meta property=\"og:type\" content=\"article\" \/>\n<meta property=\"og:title\" content=\"Coil &#8226; Cemal.com.pl\" \/>\n<meta property=\"og:description\" content=\"Mamy ponad 25 lat do\u015bwiadczenia w produkcji rur \u017cebrowanych. Nasza technologia pozwala na produkcj\u0119 metod\u0105 integralnego walcowania na zimno.\" \/>\n<meta property=\"og:url\" content=\"https:\/\/cemal.com.pl\/en\/offer\/coil\/\" \/>\n<meta property=\"og:site_name\" content=\"Cemal.com.pl\" \/>\n<meta property=\"article:modified_time\" content=\"2021-06-22T20:29:06+00:00\" \/>\n<meta property=\"og:image\" content=\"https:\/\/cemal.com.pl\/wp-content\/uploads\/2016\/06\/zwojnica.jpg\" \/>\n<meta name=\"twitter:card\" content=\"summary_large_image\" \/>\n<meta name=\"twitter:label1\" content=\"Est. reading time\" \/>\n\t<meta name=\"twitter:data1\" content=\"2 minutes\" \/>\n<script type=\"application\/ld+json\" class=\"yoast-schema-graph\">{\"@context\":\"https:\\\/\\\/schema.org\",\"@graph\":[{\"@type\":\"WebPage\",\"@id\":\"https:\\\/\\\/cemal.com.pl\\\/en\\\/offer\\\/coil\\\/\",\"url\":\"https:\\\/\\\/cemal.com.pl\\\/en\\\/offer\\\/coil\\\/\",\"name\":\"Coil &#8226; Cemal.com.pl\",\"isPartOf\":{\"@id\":\"https:\\\/\\\/cemal.com.pl\\\/#website\"},\"primaryImageOfPage\":{\"@id\":\"https:\\\/\\\/cemal.com.pl\\\/en\\\/offer\\\/coil\\\/#primaryimage\"},\"image\":{\"@id\":\"https:\\\/\\\/cemal.com.pl\\\/en\\\/offer\\\/coil\\\/#primaryimage\"},\"thumbnailUrl\":\"http:\\\/\\\/cemal.com.pl\\\/wp-content\\\/uploads\\\/2016\\\/06\\\/zwojnica.jpg\",\"datePublished\":\"2016-06-02T06:19:26+00:00\",\"dateModified\":\"2021-06-22T20:29:06+00:00\",\"description\":\"Mamy ponad 25 lat do\u015bwiadczenia w produkcji rur \u017cebrowanych. Nasza technologia pozwala na produkcj\u0119 metod\u0105 integralnego walcowania na zimno.\",\"breadcrumb\":{\"@id\":\"https:\\\/\\\/cemal.com.pl\\\/en\\\/offer\\\/coil\\\/#breadcrumb\"},\"inLanguage\":\"en-US\",\"potentialAction\":[{\"@type\":\"ReadAction\",\"target\":[\"https:\\\/\\\/cemal.com.pl\\\/en\\\/offer\\\/coil\\\/\"]}]},{\"@type\":\"ImageObject\",\"inLanguage\":\"en-US\",\"@id\":\"https:\\\/\\\/cemal.com.pl\\\/en\\\/offer\\\/coil\\\/#primaryimage\",\"url\":\"http:\\\/\\\/cemal.com.pl\\\/wp-content\\\/uploads\\\/2016\\\/06\\\/zwojnica.jpg\",\"contentUrl\":\"http:\\\/\\\/cemal.com.pl\\\/wp-content\\\/uploads\\\/2016\\\/06\\\/zwojnica.jpg\"},{\"@type\":\"BreadcrumbList\",\"@id\":\"https:\\\/\\\/cemal.com.pl\\\/en\\\/offer\\\/coil\\\/#breadcrumb\",\"itemListElement\":[{\"@type\":\"ListItem\",\"position\":1,\"name\":\"Strona g\u0142\u00f3wna\",\"item\":\"https:\\\/\\\/cemal.com.pl\\\/en\\\/\"},{\"@type\":\"ListItem\",\"position\":2,\"name\":\"Offer\",\"item\":\"https:\\\/\\\/cemal.com.pl\\\/en\\\/offer\\\/\"},{\"@type\":\"ListItem\",\"position\":3,\"name\":\"Coil\"}]},{\"@type\":\"WebSite\",\"@id\":\"https:\\\/\\\/cemal.com.pl\\\/#website\",\"url\":\"https:\\\/\\\/cemal.com.pl\\\/\",\"name\":\"Cemal.com.pl\",\"description\":\"najwy\u017cszej jako\u015bci rury \u017cebrowane\",\"publisher\":{\"@id\":\"https:\\\/\\\/cemal.com.pl\\\/#organization\"},\"potentialAction\":[{\"@type\":\"SearchAction\",\"target\":{\"@type\":\"EntryPoint\",\"urlTemplate\":\"https:\\\/\\\/cemal.com.pl\\\/?s={search_term_string}\"},\"query-input\":{\"@type\":\"PropertyValueSpecification\",\"valueRequired\":true,\"valueName\":\"search_term_string\"}}],\"inLanguage\":\"en-US\"},{\"@type\":\"Organization\",\"@id\":\"https:\\\/\\\/cemal.com.pl\\\/#organization\",\"name\":\"Cemal Sp. z o.o.\",\"url\":\"https:\\\/\\\/cemal.com.pl\\\/\",\"logo\":{\"@type\":\"ImageObject\",\"inLanguage\":\"en-US\",\"@id\":\"https:\\\/\\\/cemal.com.pl\\\/#\\\/schema\\\/logo\\\/image\\\/\",\"url\":\"https:\\\/\\\/cemal.com.pl\\\/wp-content\\\/uploads\\\/2016\\\/05\\\/cemal_logo-e1464599744361.png\",\"contentUrl\":\"https:\\\/\\\/cemal.com.pl\\\/wp-content\\\/uploads\\\/2016\\\/05\\\/cemal_logo-e1464599744361.png\",\"width\":300,\"height\":38,\"caption\":\"Cemal Sp. z o.o.\"},\"image\":{\"@id\":\"https:\\\/\\\/cemal.com.pl\\\/#\\\/schema\\\/logo\\\/image\\\/\"}}]}<\/script>\n<!-- \/ Yoast SEO plugin. -->","yoast_head_json":{"title":"Coil &#8226; Cemal.com.pl","description":"Mamy ponad 25 lat do\u015bwiadczenia w produkcji rur \u017cebrowanych. Nasza technologia pozwala na produkcj\u0119 metod\u0105 integralnego walcowania na zimno.","robots":{"index":"index","follow":"follow","max-snippet":"max-snippet:-1","max-image-preview":"max-image-preview:large","max-video-preview":"max-video-preview:-1"},"canonical":"https:\/\/cemal.com.pl\/en\/offer\/coil\/","og_locale":"en_US","og_type":"article","og_title":"Coil &#8226; Cemal.com.pl","og_description":"Mamy ponad 25 lat do\u015bwiadczenia w produkcji rur \u017cebrowanych. Nasza technologia pozwala na produkcj\u0119 metod\u0105 integralnego walcowania na zimno.","og_url":"https:\/\/cemal.com.pl\/en\/offer\/coil\/","og_site_name":"Cemal.com.pl","article_modified_time":"2021-06-22T20:29:06+00:00","og_image":[{"url":"https:\/\/cemal.com.pl\/wp-content\/uploads\/2016\/06\/zwojnica.jpg","type":"","width":"","height":""}],"twitter_card":"summary_large_image","twitter_misc":{"Est. reading time":"2 minutes"},"schema":{"@context":"https:\/\/schema.org","@graph":[{"@type":"WebPage","@id":"https:\/\/cemal.com.pl\/en\/offer\/coil\/","url":"https:\/\/cemal.com.pl\/en\/offer\/coil\/","name":"Coil &#8226; Cemal.com.pl","isPartOf":{"@id":"https:\/\/cemal.com.pl\/#website"},"primaryImageOfPage":{"@id":"https:\/\/cemal.com.pl\/en\/offer\/coil\/#primaryimage"},"image":{"@id":"https:\/\/cemal.com.pl\/en\/offer\/coil\/#primaryimage"},"thumbnailUrl":"https:\/\/cemal.com.pl\/wp-content\/uploads\/2016\/06\/zwojnica.jpg","datePublished":"2016-06-02T06:19:26+00:00","dateModified":"2021-06-22T20:29:06+00:00","description":"Mamy ponad 25 lat do\u015bwiadczenia w produkcji rur \u017cebrowanych. Nasza technologia pozwala na produkcj\u0119 metod\u0105 integralnego walcowania na zimno.","breadcrumb":{"@id":"https:\/\/cemal.com.pl\/en\/offer\/coil\/#breadcrumb"},"inLanguage":"en-US","potentialAction":[{"@type":"ReadAction","target":["https:\/\/cemal.com.pl\/en\/offer\/coil\/"]}]},{"@type":"ImageObject","inLanguage":"en-US","@id":"https:\/\/cemal.com.pl\/en\/offer\/coil\/#primaryimage","url":"https:\/\/cemal.com.pl\/wp-content\/uploads\/2016\/06\/zwojnica.jpg","contentUrl":"https:\/\/cemal.com.pl\/wp-content\/uploads\/2016\/06\/zwojnica.jpg"},{"@type":"BreadcrumbList","@id":"https:\/\/cemal.com.pl\/en\/offer\/coil\/#breadcrumb","itemListElement":[{"@type":"ListItem","position":1,"name":"Strona g\u0142\u00f3wna","item":"https:\/\/cemal.com.pl\/en\/"},{"@type":"ListItem","position":2,"name":"Offer","item":"https:\/\/cemal.com.pl\/en\/offer\/"},{"@type":"ListItem","position":3,"name":"Coil"}]},{"@type":"WebSite","@id":"https:\/\/cemal.com.pl\/#website","url":"https:\/\/cemal.com.pl\/","name":"Cemal.com.pl","description":"najwy\u017cszej jako\u015bci rury \u017cebrowane","publisher":{"@id":"https:\/\/cemal.com.pl\/#organization"},"potentialAction":[{"@type":"SearchAction","target":{"@type":"EntryPoint","urlTemplate":"https:\/\/cemal.com.pl\/?s={search_term_string}"},"query-input":{"@type":"PropertyValueSpecification","valueRequired":true,"valueName":"search_term_string"}}],"inLanguage":"en-US"},{"@type":"Organization","@id":"https:\/\/cemal.com.pl\/#organization","name":"Cemal Sp. z o.o.","url":"https:\/\/cemal.com.pl\/","logo":{"@type":"ImageObject","inLanguage":"en-US","@id":"https:\/\/cemal.com.pl\/#\/schema\/logo\/image\/","url":"https:\/\/cemal.com.pl\/wp-content\/uploads\/2016\/05\/cemal_logo-e1464599744361.png","contentUrl":"https:\/\/cemal.com.pl\/wp-content\/uploads\/2016\/05\/cemal_logo-e1464599744361.png","width":300,"height":38,"caption":"Cemal Sp. z o.o."},"image":{"@id":"https:\/\/cemal.com.pl\/#\/schema\/logo\/image\/"}}]}},"_links":{"self":[{"href":"https:\/\/cemal.com.pl\/en\/wp-json\/wp\/v2\/pages\/1283","targetHints":{"allow":["GET"]}}],"collection":[{"href":"https:\/\/cemal.com.pl\/en\/wp-json\/wp\/v2\/pages"}],"about":[{"href":"https:\/\/cemal.com.pl\/en\/wp-json\/wp\/v2\/types\/page"}],"author":[{"embeddable":true,"href":"https:\/\/cemal.com.pl\/en\/wp-json\/wp\/v2\/users\/1"}],"replies":[{"embeddable":true,"href":"https:\/\/cemal.com.pl\/en\/wp-json\/wp\/v2\/comments?post=1283"}],"version-history":[{"count":4,"href":"https:\/\/cemal.com.pl\/en\/wp-json\/wp\/v2\/pages\/1283\/revisions"}],"predecessor-version":[{"id":1453,"href":"https:\/\/cemal.com.pl\/en\/wp-json\/wp\/v2\/pages\/1283\/revisions\/1453"}],"up":[{"embeddable":true,"href":"https:\/\/cemal.com.pl\/en\/wp-json\/wp\/v2\/pages\/1280"}],"wp:attachment":[{"href":"https:\/\/cemal.com.pl\/en\/wp-json\/wp\/v2\/media?parent=1283"}],"curies":[{"name":"wp","href":"https:\/\/api.w.org\/{rel}","templated":true}]}}