{"id":1282,"date":"2016-06-02T08:23:19","date_gmt":"2016-06-02T06:23:19","guid":{"rendered":"https:\/\/cemal.com.pl\/oferta\/wymiennik-ciepla\/?lang=en"},"modified":"2021-06-22T22:30:54","modified_gmt":"2021-06-22T20:30:54","slug":"heat-exchanger","status":"publish","type":"page","link":"https:\/\/cemal.com.pl\/en\/offer\/heat-exchanger\/","title":{"rendered":"Heat exchanger"},"content":{"rendered":"<div class=\"fusion-fullwidth fullwidth-box fusion-fullwidth-1  fusion-parallax-none nonhundred-percent-fullwidth\" style=\"border-color:#eae9e9;border-bottom-width: 0px;border-top-width: 0px;border-bottom-style: solid;border-top-style: solid;padding-bottom:20px;padding-top:30px;padding-left:;padding-right:;background-color:#ffffff;\"><style type=\"text\/css\" scoped=\"scoped\">.fusion-fullwidth-1 {\n                            padding-left: px !important;\n                            padding-right: px !important;\n                        }<\/style><div class=\"fusion-row\"><div class=\"fusion-title title fusion-sep-none fusion-title-center fusion-title-size-one\" style=\"margin-top:15px;margin-bottom:15px;\"><h1 class=\"title-heading-center\">HEAT EXCHANGER<\/h1><\/div><div class=\"fusion-sep-clear\"><\/div><div class=\"fusion-separator fusion-full-width-sep sep-single\" style=\"border-color:#ed1d24;border-top-width:1px;margin-left: auto;margin-right: auto;margin-top:;\"><span class=\"icon-wrapper\" style=\"border-color:transparent;background-color:#ffffff;\"><i class=\"fa fa-chevron-down\" style=\"color:#ed1d24;\"><\/i><\/span><\/div><div class=\"fusion-sep-clear\"><\/div><div class=\"fusion-separator fusion-full-width-sep sep-none\" style=\"border-color:#e0dede;margin-left: auto;margin-right: auto;margin-top:;margin-bottom:15px;\"><\/div><div class=\"fusion-two-third fusion-layout-column fusion-spacing-yes\" style=\"margin-top:0px;margin-bottom:20px;\"><div class=\"fusion-column-wrapper\"><div class=\"fusion-sep-clear\"><\/div><div class=\"fusion-separator fusion-full-width-sep sep-none\" style=\"border-color:#e0dede;margin-left: auto;margin-right: auto;margin-top:;margin-bottom:15px;\"><\/div><div class=\"imageframe-align-center\"><span style=\"-moz-box-shadow: 0 0 3px rgba(0,0,0,.3);-webkit-box-shadow: 0 0 3px rgba(0,0,0,.3);box-shadow: 0 0 3px rgba(0,0,0,.3);\" class=\"fusion-imageframe imageframe-glow imageframe-1 hover-type-zoomin fusion-animated\" data-animationType=\"fadeInLeft\" data-animationDuration=\"0.5\" data-animationOffset=\"100%\"><a href=\"https:\/\/cemal.com.pl\/wp-content\/uploads\/2016\/06\/wymiennik-ciep\u0142a.jpg\" class=\"fusion-lightbox\" data-rel=\"iLightbox[74bffa8ff8631980fc8]\"> <img decoding=\"async\" src=\"https:\/\/cemal.com.pl\/wp-content\/uploads\/2016\/06\/wymiennik-ciep\u0142a.jpg\" alt=\"\"><\/a><\/span><\/div><div class=\"fusion-clearfix\"><\/div><\/div><\/div><div class=\"fusion-one-third fusion-layout-column fusion-column-last fusion-spacing-yes\" style=\"margin-top:0px;margin-bottom:20px;\"><div class=\"fusion-column-wrapper\"><div class=\"accordian fusion-accordian\"><div class=\"panel-group\" id=\"accordion-1282-1\"><div class=\"fusion-panel panel-default\"><div class=\"panel-heading\"><h4 class=\"panel-title toggle\"><a class=\"active\" data-toggle=\"collapse\" data-parent=\"#accordion-1282-1\" data-target=\"#ef4c76d2ced294a21\" href=\"#ef4c76d2ced294a21\"><div class=\"fusion-toggle-icon-wrapper\"><i class=\"fa-fusion-box\"><\/i><\/div><div class=\"fusion-toggle-heading\">Base tube material<\/div><\/a><\/h4><\/div><div id=\"ef4c76d2ced294a21\" class=\"panel-collapse collapse in\"><div class=\"panel-body toggle-content\">\n<div class=\"wpb_text_column wpb_content_element \">\n<div class=\"wpb_wrapper\">\n<p>steel<\/p>\n<\/div>\n<\/div>\n<\/div><\/div><\/div><div class=\"fusion-panel panel-default\"><div class=\"panel-heading\"><h4 class=\"panel-title toggle\"><a data-toggle=\"collapse\" data-parent=\"#accordion-1282-1\" data-target=\"#6db22ec7c8d439722\" href=\"#6db22ec7c8d439722\"><div class=\"fusion-toggle-icon-wrapper\"><i class=\"fa-fusion-box\"><\/i><\/div><div class=\"fusion-toggle-heading\">Dimensions<\/div><\/a><\/h4><\/div><div id=\"6db22ec7c8d439722\" class=\"panel-collapse collapse \"><div class=\"panel-body toggle-content\">According to customer requirements, documentation entrusted.<\/div><\/div><\/div><div class=\"fusion-panel panel-default\"><div class=\"panel-heading\"><h4 class=\"panel-title toggle\"><a data-toggle=\"collapse\" data-parent=\"#accordion-1282-1\" data-target=\"#f79b8ff1b83979279\" href=\"#f79b8ff1b83979279\"><div class=\"fusion-toggle-icon-wrapper\"><i class=\"fa-fusion-box\"><\/i><\/div><div class=\"fusion-toggle-heading\">Material of collector<\/div><\/a><\/h4><\/div><div id=\"f79b8ff1b83979279\" class=\"panel-collapse collapse \"><div class=\"panel-body toggle-content\">\n<div class=\"wpb_text_column wpb_content_element \">\n<div class=\"wpb_wrapper\">\n<p>steel<\/p>\n<\/div>\n<\/div>\n<div class=\"wpb_raw_code wpb_content_element wpb_raw_html\"><\/div>\n<\/div><\/div><\/div><div class=\"fusion-panel panel-default\"><div class=\"panel-heading\"><h4 class=\"panel-title toggle\"><a data-toggle=\"collapse\" data-parent=\"#accordion-1282-1\" data-target=\"#d4bbf4e04c575bbae\" href=\"#d4bbf4e04c575bbae\"><div class=\"fusion-toggle-icon-wrapper\"><i class=\"fa-fusion-box\"><\/i><\/div><div class=\"fusion-toggle-heading\">Fin material<\/div><\/a><\/h4><\/div><div id=\"d4bbf4e04c575bbae\" class=\"panel-collapse collapse \"><div class=\"panel-body toggle-content\">\n<div class=\"wpb_text_column wpb_content_element \">\n<div class=\"wpb_wrapper\">\n<p>aluminium, copper.<\/p>\n<\/div>\n<\/div>\n<\/div><\/div><\/div><\/div><\/div><div class=\"fusion-sep-clear\"><\/div><div class=\"fusion-separator fusion-full-width-sep sep-none\" style=\"border-color:#e0dede;margin-left: auto;margin-right: auto;margin-top:15px;\"><\/div><span style=\"-moz-box-shadow: 0 0 3px rgba(0,0,0,.3);-webkit-box-shadow: 0 0 3px rgba(0,0,0,.3);box-shadow: 0 0 3px rgba(0,0,0,.3);\" class=\"fusion-imageframe imageframe-glow imageframe-2 hover-type-zoomin fusion-animated\" data-animationType=\"fadeInRight\" data-animationDuration=\"0.5\" data-animationOffset=\"100%\"><a href=\"https:\/\/cemal.com.pl\/wp-content\/uploads\/2016\/06\/wymiennik2.jpg\" class=\"fusion-lightbox\" data-rel=\"iLightbox[id]\"> <img decoding=\"async\" src=\"https:\/\/cemal.com.pl\/wp-content\/uploads\/2016\/06\/wymiennik2.jpg\" alt=\"\"><\/a><\/span><div class=\"fusion-clearfix\"><\/div><\/div><\/div><div class=\"fusion-clearfix\"><\/div><\/div><\/div>\n","protected":false},"excerpt":{"rendered":"","protected":false},"author":1,"featured_media":0,"parent":1280,"menu_order":0,"comment_status":"closed","ping_status":"closed","template":"100-width.php","meta":{"footnotes":""},"class_list":["post-1282","page","type-page","status-publish","hentry"],"yoast_head":"<!-- This site is optimized with the Yoast SEO plugin v27.5 - https:\/\/yoast.com\/product\/yoast-seo-wordpress\/ -->\n<title>Heat exchanger &#8226; Cemal.com.pl<\/title>\n<meta name=\"description\" content=\"Mamy ponad 25 lat do\u015bwiadczenia w produkcji rur \u017cebrowanych. Nasza technologia pozwala na produkcj\u0119 metod\u0105 integralnego walcowania na zimno.\" \/>\n<meta name=\"robots\" content=\"index, follow, max-snippet:-1, max-image-preview:large, max-video-preview:-1\" \/>\n<link rel=\"canonical\" href=\"https:\/\/cemal.com.pl\/en\/offer\/heat-exchanger\/\" \/>\n<meta property=\"og:locale\" content=\"en_US\" \/>\n<meta property=\"og:type\" content=\"article\" \/>\n<meta property=\"og:title\" content=\"Heat exchanger &#8226; Cemal.com.pl\" \/>\n<meta property=\"og:description\" content=\"Mamy ponad 25 lat do\u015bwiadczenia w produkcji rur \u017cebrowanych. Nasza technologia pozwala na produkcj\u0119 metod\u0105 integralnego walcowania na zimno.\" \/>\n<meta property=\"og:url\" content=\"https:\/\/cemal.com.pl\/en\/offer\/heat-exchanger\/\" \/>\n<meta property=\"og:site_name\" content=\"Cemal.com.pl\" \/>\n<meta property=\"article:modified_time\" content=\"2021-06-22T20:30:54+00:00\" \/>\n<meta property=\"og:image\" content=\"https:\/\/cemal.com.pl\/wp-content\/uploads\/2016\/06\/wymiennik-ciep\u0142a.jpg\" \/>\n<meta name=\"twitter:card\" content=\"summary_large_image\" \/>\n<meta name=\"twitter:label1\" content=\"Est. reading time\" \/>\n\t<meta name=\"twitter:data1\" content=\"2 minutes\" \/>\n<script type=\"application\/ld+json\" class=\"yoast-schema-graph\">{\"@context\":\"https:\\\/\\\/schema.org\",\"@graph\":[{\"@type\":\"WebPage\",\"@id\":\"https:\\\/\\\/cemal.com.pl\\\/en\\\/offer\\\/heat-exchanger\\\/\",\"url\":\"https:\\\/\\\/cemal.com.pl\\\/en\\\/offer\\\/heat-exchanger\\\/\",\"name\":\"Heat exchanger &#8226; Cemal.com.pl\",\"isPartOf\":{\"@id\":\"https:\\\/\\\/cemal.com.pl\\\/#website\"},\"primaryImageOfPage\":{\"@id\":\"https:\\\/\\\/cemal.com.pl\\\/en\\\/offer\\\/heat-exchanger\\\/#primaryimage\"},\"image\":{\"@id\":\"https:\\\/\\\/cemal.com.pl\\\/en\\\/offer\\\/heat-exchanger\\\/#primaryimage\"},\"thumbnailUrl\":\"http:\\\/\\\/cemal.com.pl\\\/wp-content\\\/uploads\\\/2016\\\/06\\\/wymiennik2.jpg\",\"datePublished\":\"2016-06-02T06:23:19+00:00\",\"dateModified\":\"2021-06-22T20:30:54+00:00\",\"description\":\"Mamy ponad 25 lat do\u015bwiadczenia w produkcji rur \u017cebrowanych. Nasza technologia pozwala na produkcj\u0119 metod\u0105 integralnego walcowania na zimno.\",\"breadcrumb\":{\"@id\":\"https:\\\/\\\/cemal.com.pl\\\/en\\\/offer\\\/heat-exchanger\\\/#breadcrumb\"},\"inLanguage\":\"en-US\",\"potentialAction\":[{\"@type\":\"ReadAction\",\"target\":[\"https:\\\/\\\/cemal.com.pl\\\/en\\\/offer\\\/heat-exchanger\\\/\"]}]},{\"@type\":\"ImageObject\",\"inLanguage\":\"en-US\",\"@id\":\"https:\\\/\\\/cemal.com.pl\\\/en\\\/offer\\\/heat-exchanger\\\/#primaryimage\",\"url\":\"http:\\\/\\\/cemal.com.pl\\\/wp-content\\\/uploads\\\/2016\\\/06\\\/wymiennik2.jpg\",\"contentUrl\":\"http:\\\/\\\/cemal.com.pl\\\/wp-content\\\/uploads\\\/2016\\\/06\\\/wymiennik2.jpg\"},{\"@type\":\"BreadcrumbList\",\"@id\":\"https:\\\/\\\/cemal.com.pl\\\/en\\\/offer\\\/heat-exchanger\\\/#breadcrumb\",\"itemListElement\":[{\"@type\":\"ListItem\",\"position\":1,\"name\":\"Strona g\u0142\u00f3wna\",\"item\":\"https:\\\/\\\/cemal.com.pl\\\/en\\\/\"},{\"@type\":\"ListItem\",\"position\":2,\"name\":\"Offer\",\"item\":\"https:\\\/\\\/cemal.com.pl\\\/en\\\/offer\\\/\"},{\"@type\":\"ListItem\",\"position\":3,\"name\":\"Heat exchanger\"}]},{\"@type\":\"WebSite\",\"@id\":\"https:\\\/\\\/cemal.com.pl\\\/#website\",\"url\":\"https:\\\/\\\/cemal.com.pl\\\/\",\"name\":\"Cemal.com.pl\",\"description\":\"najwy\u017cszej jako\u015bci rury \u017cebrowane\",\"publisher\":{\"@id\":\"https:\\\/\\\/cemal.com.pl\\\/#organization\"},\"potentialAction\":[{\"@type\":\"SearchAction\",\"target\":{\"@type\":\"EntryPoint\",\"urlTemplate\":\"https:\\\/\\\/cemal.com.pl\\\/?s={search_term_string}\"},\"query-input\":{\"@type\":\"PropertyValueSpecification\",\"valueRequired\":true,\"valueName\":\"search_term_string\"}}],\"inLanguage\":\"en-US\"},{\"@type\":\"Organization\",\"@id\":\"https:\\\/\\\/cemal.com.pl\\\/#organization\",\"name\":\"Cemal Sp. z o.o.\",\"url\":\"https:\\\/\\\/cemal.com.pl\\\/\",\"logo\":{\"@type\":\"ImageObject\",\"inLanguage\":\"en-US\",\"@id\":\"https:\\\/\\\/cemal.com.pl\\\/#\\\/schema\\\/logo\\\/image\\\/\",\"url\":\"https:\\\/\\\/cemal.com.pl\\\/wp-content\\\/uploads\\\/2016\\\/05\\\/cemal_logo-e1464599744361.png\",\"contentUrl\":\"https:\\\/\\\/cemal.com.pl\\\/wp-content\\\/uploads\\\/2016\\\/05\\\/cemal_logo-e1464599744361.png\",\"width\":300,\"height\":38,\"caption\":\"Cemal Sp. z o.o.\"},\"image\":{\"@id\":\"https:\\\/\\\/cemal.com.pl\\\/#\\\/schema\\\/logo\\\/image\\\/\"}}]}<\/script>\n<!-- \/ Yoast SEO plugin. -->","yoast_head_json":{"title":"Heat exchanger &#8226; Cemal.com.pl","description":"Mamy ponad 25 lat do\u015bwiadczenia w produkcji rur \u017cebrowanych. Nasza technologia pozwala na produkcj\u0119 metod\u0105 integralnego walcowania na zimno.","robots":{"index":"index","follow":"follow","max-snippet":"max-snippet:-1","max-image-preview":"max-image-preview:large","max-video-preview":"max-video-preview:-1"},"canonical":"https:\/\/cemal.com.pl\/en\/offer\/heat-exchanger\/","og_locale":"en_US","og_type":"article","og_title":"Heat exchanger &#8226; Cemal.com.pl","og_description":"Mamy ponad 25 lat do\u015bwiadczenia w produkcji rur \u017cebrowanych. Nasza technologia pozwala na produkcj\u0119 metod\u0105 integralnego walcowania na zimno.","og_url":"https:\/\/cemal.com.pl\/en\/offer\/heat-exchanger\/","og_site_name":"Cemal.com.pl","article_modified_time":"2021-06-22T20:30:54+00:00","og_image":[{"url":"https:\/\/cemal.com.pl\/wp-content\/uploads\/2016\/06\/wymiennik-ciep\u0142a.jpg","type":"","width":"","height":""}],"twitter_card":"summary_large_image","twitter_misc":{"Est. reading time":"2 minutes"},"schema":{"@context":"https:\/\/schema.org","@graph":[{"@type":"WebPage","@id":"https:\/\/cemal.com.pl\/en\/offer\/heat-exchanger\/","url":"https:\/\/cemal.com.pl\/en\/offer\/heat-exchanger\/","name":"Heat exchanger &#8226; Cemal.com.pl","isPartOf":{"@id":"https:\/\/cemal.com.pl\/#website"},"primaryImageOfPage":{"@id":"https:\/\/cemal.com.pl\/en\/offer\/heat-exchanger\/#primaryimage"},"image":{"@id":"https:\/\/cemal.com.pl\/en\/offer\/heat-exchanger\/#primaryimage"},"thumbnailUrl":"https:\/\/cemal.com.pl\/wp-content\/uploads\/2016\/06\/wymiennik2.jpg","datePublished":"2016-06-02T06:23:19+00:00","dateModified":"2021-06-22T20:30:54+00:00","description":"Mamy ponad 25 lat do\u015bwiadczenia w produkcji rur \u017cebrowanych. Nasza technologia pozwala na produkcj\u0119 metod\u0105 integralnego walcowania na zimno.","breadcrumb":{"@id":"https:\/\/cemal.com.pl\/en\/offer\/heat-exchanger\/#breadcrumb"},"inLanguage":"en-US","potentialAction":[{"@type":"ReadAction","target":["https:\/\/cemal.com.pl\/en\/offer\/heat-exchanger\/"]}]},{"@type":"ImageObject","inLanguage":"en-US","@id":"https:\/\/cemal.com.pl\/en\/offer\/heat-exchanger\/#primaryimage","url":"https:\/\/cemal.com.pl\/wp-content\/uploads\/2016\/06\/wymiennik2.jpg","contentUrl":"https:\/\/cemal.com.pl\/wp-content\/uploads\/2016\/06\/wymiennik2.jpg"},{"@type":"BreadcrumbList","@id":"https:\/\/cemal.com.pl\/en\/offer\/heat-exchanger\/#breadcrumb","itemListElement":[{"@type":"ListItem","position":1,"name":"Strona g\u0142\u00f3wna","item":"https:\/\/cemal.com.pl\/en\/"},{"@type":"ListItem","position":2,"name":"Offer","item":"https:\/\/cemal.com.pl\/en\/offer\/"},{"@type":"ListItem","position":3,"name":"Heat exchanger"}]},{"@type":"WebSite","@id":"https:\/\/cemal.com.pl\/#website","url":"https:\/\/cemal.com.pl\/","name":"Cemal.com.pl","description":"najwy\u017cszej jako\u015bci rury \u017cebrowane","publisher":{"@id":"https:\/\/cemal.com.pl\/#organization"},"potentialAction":[{"@type":"SearchAction","target":{"@type":"EntryPoint","urlTemplate":"https:\/\/cemal.com.pl\/?s={search_term_string}"},"query-input":{"@type":"PropertyValueSpecification","valueRequired":true,"valueName":"search_term_string"}}],"inLanguage":"en-US"},{"@type":"Organization","@id":"https:\/\/cemal.com.pl\/#organization","name":"Cemal Sp. z o.o.","url":"https:\/\/cemal.com.pl\/","logo":{"@type":"ImageObject","inLanguage":"en-US","@id":"https:\/\/cemal.com.pl\/#\/schema\/logo\/image\/","url":"https:\/\/cemal.com.pl\/wp-content\/uploads\/2016\/05\/cemal_logo-e1464599744361.png","contentUrl":"https:\/\/cemal.com.pl\/wp-content\/uploads\/2016\/05\/cemal_logo-e1464599744361.png","width":300,"height":38,"caption":"Cemal Sp. z o.o."},"image":{"@id":"https:\/\/cemal.com.pl\/#\/schema\/logo\/image\/"}}]}},"_links":{"self":[{"href":"https:\/\/cemal.com.pl\/en\/wp-json\/wp\/v2\/pages\/1282","targetHints":{"allow":["GET"]}}],"collection":[{"href":"https:\/\/cemal.com.pl\/en\/wp-json\/wp\/v2\/pages"}],"about":[{"href":"https:\/\/cemal.com.pl\/en\/wp-json\/wp\/v2\/types\/page"}],"author":[{"embeddable":true,"href":"https:\/\/cemal.com.pl\/en\/wp-json\/wp\/v2\/users\/1"}],"replies":[{"embeddable":true,"href":"https:\/\/cemal.com.pl\/en\/wp-json\/wp\/v2\/comments?post=1282"}],"version-history":[{"count":5,"href":"https:\/\/cemal.com.pl\/en\/wp-json\/wp\/v2\/pages\/1282\/revisions"}],"predecessor-version":[{"id":1459,"href":"https:\/\/cemal.com.pl\/en\/wp-json\/wp\/v2\/pages\/1282\/revisions\/1459"}],"up":[{"embeddable":true,"href":"https:\/\/cemal.com.pl\/en\/wp-json\/wp\/v2\/pages\/1280"}],"wp:attachment":[{"href":"https:\/\/cemal.com.pl\/en\/wp-json\/wp\/v2\/media?parent=1282"}],"curies":[{"name":"wp","href":"https:\/\/api.w.org\/{rel}","templated":true}]}}