{"id":1274,"date":"2015-02-20T20:12:00","date_gmt":"2015-02-20T20:12:00","guid":{"rendered":"https:\/\/cemal.com.pl\/home\/?lang=en"},"modified":"2021-06-22T22:33:54","modified_gmt":"2021-06-22T20:33:54","slug":"en","status":"publish","type":"page","link":"https:\/\/cemal.com.pl\/en\/","title":{"rendered":"Home"},"content":{"rendered":"<div class=\"fusion-fullwidth fullwidth-box fusion-fullwidth-1  fusion-parallax-none nonhundred-percent-fullwidth\" style=\"border-color:#eae9e9;border-bottom-width: 0px;border-top-width: 0px;border-bottom-style: solid;border-top-style: solid;padding-bottom:0px;padding-top:0px;padding-left:;padding-right:;background-color:#f5f5f5;\"><style type=\"text\/css\" scoped=\"scoped\">.fusion-fullwidth-1 {\n                            padding-left: px !important;\n                            padding-right: px !important;\n                        }<\/style><div class=\"fusion-row\"><div class=\"fusion-sep-clear\"><\/div><div class=\"fusion-separator fusion-full-width-sep sep-single\" style=\"border-color:#ed1d24;border-top-width:7px;margin-left: auto;margin-right: auto;margin-top:-7px;margin-bottom:0px;\"><span class=\"icon-wrapper\" style=\"border-color:transparent;background-color:#ffffff;\"><i class=\"fa fa-chevron-down\" style=\"color:#ed1d24;\"><\/i><\/span><\/div><div class=\"fusion-one-third fusion-layout-column fusion-spacing-no green-border\" style=\"margin-top:0px;margin-bottom:20px;\"><div class=\"fusion-column-wrapper\" style=\"background-color:#ffffff;border:1px solid #e2e2e2;padding:40px 50px 60px;\"><div class=\"aligncenter\"><i class=\"fa fontawesome-icon fa-users circle-no fusion-animated\" style=\"font-size:50px;margin-left:0;margin-right:0;color:#ed1d24;\" data-animationType=\"fadeInLeft\" data-animationDuration=\"1\" data-animationOffset=\"100%\"><\/i><\/div><h3 style=\"text-align: center;\">WHO WE ARE<\/h3>\n<div class=\"fusion-sep-clear\"><\/div><div class=\"fusion-separator fusion-full-width-sep sep-none\" style=\"border-color:#e0dede;margin-left: auto;margin-right: auto;margin-top:10px;\"><\/div><p style=\"text-align: center;\">The company Cemal Sp. o.o. was founded in 1989. In 2009 it became a member of the Airco Fin Group &#8211; a world leader in the production of finned tubes. The high standard of manufacturing and qualified personnel enable us to cooperate with companies from several countries, both in Europe and other countries.<\/p>\n<div class=\"fusion-clearfix\"><\/div><\/div><\/div><div class=\"fusion-one-third fusion-layout-column fusion-spacing-no green-border no-side-borders\" style=\"margin-top:0px;margin-bottom:20px;\"><div class=\"fusion-column-wrapper\" style=\"background-color:#ffffff;border:1px solid #e2e2e2;padding:40px 50px 60px;\"><div class=\"aligncenter\"><i class=\"fa fontawesome-icon fa-cogs circle-no fusion-animated\" style=\"font-size:50px;margin-left:0;margin-right:0;color:#ed1d24;\" data-animationType=\"fadeInUp\" data-animationDuration=\"1\" data-animationOffset=\"100%\"><\/i><\/div><h3 style=\"text-align: center;\">WHAT WE DO<\/h3>\n<div class=\"fusion-sep-clear\"><\/div><div class=\"fusion-separator fusion-full-width-sep sep-none\" style=\"border-color:#e0dede;margin-left: auto;margin-right: auto;margin-top:10px;\"><\/div><p style=\"text-align: center;\">The main scope of the company is to provide to the Polish and World market finned tubes ofthe highest quality. Technology that we use allows the production of integral cold rolling in a wide range of standard and special sizes &#8211; on individual request of customers.<\/p>\n<div class=\"fusion-clearfix\"><\/div><\/div><\/div><div class=\"fusion-one-third fusion-layout-column fusion-column-last fusion-spacing-no green-border\" style=\"margin-top:0px;margin-bottom:20px;\"><div class=\"fusion-column-wrapper\" style=\"background-color:#ffffff;border:1px solid #e2e2e2;padding:40px 50px 60px;\"><div class=\"aligncenter\"><i class=\"fa fontawesome-icon fa-lightbulb-o circle-no fusion-animated\" style=\"font-size:50px;margin-left:0;margin-right:0;color:#ed1d24;\" data-animationType=\"fadeInRight\" data-animationDuration=\"1\" data-animationOffset=\"100%\"><\/i><\/div><h3 style=\"text-align: center;\">WHY US<\/h3>\n<div class=\"fusion-sep-clear\"><\/div><div class=\"fusion-separator fusion-full-width-sep sep-none\" style=\"border-color:#e0dede;margin-left: auto;margin-right: auto;margin-top:10px;\"><\/div><p style=\"text-align: center;\">We have over 25 years of experience in the production of finned tubes and building friendly relations with our customers. Cemal Sp. z o.o. is characterized by deliveries on time and reliability. What we can offer is a wide range of products, qualified personnel and the possibility of individual orders.<\/p>\n<div class=\"fusion-clearfix\"><\/div><\/div><\/div><div class=\"fusion-clearfix\"><\/div><\/div><\/div><div class=\"fusion-modal modal fade modal-1 expert\" tabindex=\"-1\" role=\"dialog\" aria-labelledby=\"modal-heading-1\" aria-hidden=\"true\"><style type=\"text\/css\">.modal-1 .modal-header, .modal-1 .modal-footer{border-color:#ebebeb;}<\/style><div class=\"modal-dialog modal-lg\"><div class=\"modal-content fusion-modal-content\" style=\"background-color:#ffffff\"><div class=\"modal-header\"><button class=\"close\" type=\"button\" data-dismiss=\"modal\" aria-hidden=\"true\">&times;<\/button><h3 class=\"modal-title\" id=\"modal-heading-1\" data-dismiss=\"modal\" aria-hidden=\"true\">Ask an expert<\/h3><\/div><div class=\"modal-body\"><div class=\"fusion-two-fifth fusion-layout-column fusion-spacing-yes\" style=\"margin-top:0px;margin-bottom:20px;\"><div class=\"fusion-column-wrapper\">\n<div class=\"fusion-sep-clear\"><\/div><div class=\"fusion-separator fusion-full-width-sep sep-none\" style=\"border-color:#e0dede;margin-left: auto;margin-right: auto;margin-top:10px;margin-bottom:0px;\"><\/div>\n<span class=\"fusion-imageframe imageframe-none imageframe-1 hover-type-none\">\n<p><img loading=\"lazy\" decoding=\"async\" class=\"img-responsive size-full wp-image-1382\" src=\"https:\/\/cemal.com.pl\/wp-content\/uploads\/2016\/06\/cemal_logo.png\" alt=\"www.cemal.com.pl - rury \u017cebrowane najwy\u017cszej jako\u015bci\" width=\"300\" height=\"38\" srcset=\"https:\/\/cemal.com.pl\/wp-content\/uploads\/2016\/06\/cemal_logo-200x25.png 200w, https:\/\/cemal.com.pl\/wp-content\/uploads\/2016\/06\/cemal_logo.png 300w\" sizes=\"auto, (max-width: 300px) 100vw, 300px\" \/><\/p>\n<\/span>\n<div class=\"fusion-sep-clear\"><\/div><div class=\"fusion-separator fusion-full-width-sep sep-none\" style=\"border-color:#e0dede;margin-left: auto;margin-right: auto;margin-top:5px;margin-bottom:5px;\"><\/div>\nul. Biecka 29<br \/>\n38-300 GORLICE<br \/>\ntel: <strong>+ 48 18 353-88-80<\/strong><br \/>\nfax: + 48 18 352-24-39<br \/>\ne-mail: fintube@cemal.com.pl<\/p>\n<p>NIP: 738-000-55-26<br \/>\nREGON: 008023839<\/p>\n<p><strong>SALES DEPARTMENT<\/strong><br \/>\ntel. +48 18 353-88-80<br \/>\nm. <strong>+48 728-467-555<\/strong><br \/>\nfax. +48 18 352-24-39<br \/>\ne-mail. fintube@cemal.com.pl<\/p>\n<div class=\"fusion-clearfix\"><\/div><\/div><\/div>\n<div class=\"fusion-three-fifth fusion-layout-column fusion-column-last fusion-spacing-yes\" style=\"margin-top:0px;margin-bottom:20px;\"><div class=\"fusion-column-wrapper\">\n\n<div class=\"wpcf7 no-js\" id=\"wpcf7-f661-o1\" lang=\"en-US\" dir=\"ltr\" data-wpcf7-id=\"661\">\n<div class=\"screen-reader-response\"><p role=\"status\" aria-live=\"polite\" aria-atomic=\"true\"><\/p> <ul><\/ul><\/div>\n<form action=\"\/en\/wp-json\/wp\/v2\/pages\/1274#wpcf7-f661-o1\" method=\"post\" class=\"wpcf7-form init\" aria-label=\"Contact form\" novalidate=\"novalidate\" data-status=\"init\">\n<fieldset class=\"hidden-fields-container\"><input type=\"hidden\" name=\"_wpcf7\" value=\"661\" \/><input type=\"hidden\" name=\"_wpcf7_version\" value=\"6.1.5\" \/><input type=\"hidden\" name=\"_wpcf7_locale\" value=\"en_US\" \/><input type=\"hidden\" name=\"_wpcf7_unit_tag\" value=\"wpcf7-f661-o1\" \/><input type=\"hidden\" name=\"_wpcf7_container_post\" value=\"0\" \/><input type=\"hidden\" name=\"_wpcf7_posted_data_hash\" value=\"\" \/><input type=\"hidden\" name=\"_wpcf7_recaptcha_response\" value=\"\" \/>\n<\/fieldset>\n<p>Name*\n<\/p>\n<p><span class=\"wpcf7-form-control-wrap\" data-name=\"your-name\"><input size=\"40\" maxlength=\"400\" class=\"wpcf7-form-control wpcf7-text wpcf7-validates-as-required\" aria-required=\"true\" aria-invalid=\"false\" value=\"\" type=\"text\" name=\"your-name\" \/><\/span>\n<\/p>\n<p>E-mail*\n<\/p>\n<p><span class=\"wpcf7-form-control-wrap\" data-name=\"your-email\"><input size=\"40\" maxlength=\"400\" class=\"wpcf7-form-control wpcf7-email wpcf7-validates-as-required wpcf7-text wpcf7-validates-as-email\" aria-required=\"true\" aria-invalid=\"false\" value=\"\" type=\"email\" name=\"your-email\" \/><\/span>\n<\/p>\n<p>Message*\n<\/p>\n<p><span class=\"wpcf7-form-control-wrap\" data-name=\"your-message\"><textarea cols=\"40\" rows=\"10\" maxlength=\"2000\" class=\"wpcf7-form-control wpcf7-textarea wpcf7-validates-as-required\" aria-required=\"true\" aria-invalid=\"false\" name=\"your-message\"><\/textarea><\/span>\n<\/p>\n<p><input class=\"wpcf7-form-control wpcf7-submit has-spinner\" type=\"submit\" value=\"SUBMIT\" \/>\n<\/p><div class=\"wpcf7-response-output\" aria-hidden=\"true\"><\/div>\n<\/form>\n<\/div>\n<br \/>\n<div class=\"fusion-clearfix\"><\/div><\/div><\/div><div class=\"fusion-clearfix\"><\/div><\/div><\/div><\/div><\/div>\n","protected":false},"excerpt":{"rendered":"","protected":false},"author":1,"featured_media":0,"parent":0,"menu_order":0,"comment_status":"open","ping_status":"open","template":"100-width.php","meta":{"footnotes":""},"class_list":["post-1274","page","type-page","status-publish","hentry"],"yoast_head":"<!-- This site is optimized with the Yoast SEO plugin v27.5 - https:\/\/yoast.com\/product\/yoast-seo-wordpress\/ -->\n<title>Cemal.com.pl &#8226; the highest quality finned tubes<\/title>\n<meta name=\"description\" content=\"Mamy ponad 25 lat do\u015bwiadczenia w produkcji rur \u017cebrowanych. Nasza technologia pozwala na produkcj\u0119 metod\u0105 integralnego walcowania na zimno.\" \/>\n<meta name=\"robots\" content=\"index, follow, max-snippet:-1, max-image-preview:large, max-video-preview:-1\" \/>\n<link rel=\"canonical\" href=\"https:\/\/cemal.com.pl\/en\/\" \/>\n<meta property=\"og:locale\" content=\"en_US\" \/>\n<meta property=\"og:type\" content=\"article\" \/>\n<meta property=\"og:title\" content=\"Cemal.com.pl &#8226; the highest quality finned tubes\" \/>\n<meta property=\"og:description\" content=\"Mamy ponad 25 lat do\u015bwiadczenia w produkcji rur \u017cebrowanych. Nasza technologia pozwala na produkcj\u0119 metod\u0105 integralnego walcowania na zimno.\" \/>\n<meta property=\"og:url\" content=\"https:\/\/cemal.com.pl\/en\/\" \/>\n<meta property=\"og:site_name\" content=\"Cemal.com.pl\" \/>\n<meta property=\"article:modified_time\" content=\"2021-06-22T20:33:54+00:00\" \/>\n<meta property=\"og:image\" content=\"https:\/\/cemal.com.pl\/wp-content\/uploads\/2016\/06\/cemal_logo.png\" \/>\n<meta name=\"twitter:card\" content=\"summary_large_image\" \/>\n<meta name=\"twitter:label1\" content=\"Est. reading time\" \/>\n\t<meta name=\"twitter:data1\" content=\"3 minutes\" \/>\n<script type=\"application\/ld+json\" class=\"yoast-schema-graph\">{\"@context\":\"https:\\\/\\\/schema.org\",\"@graph\":[{\"@type\":\"WebPage\",\"@id\":\"https:\\\/\\\/cemal.com.pl\\\/en\\\/\",\"url\":\"https:\\\/\\\/cemal.com.pl\\\/en\\\/\",\"name\":\"Cemal.com.pl &#8226; the highest quality finned tubes\",\"isPartOf\":{\"@id\":\"https:\\\/\\\/cemal.com.pl\\\/#website\"},\"primaryImageOfPage\":{\"@id\":\"https:\\\/\\\/cemal.com.pl\\\/en\\\/#primaryimage\"},\"image\":{\"@id\":\"https:\\\/\\\/cemal.com.pl\\\/en\\\/#primaryimage\"},\"thumbnailUrl\":\"http:\\\/\\\/cemal.com.pl\\\/wp-content\\\/uploads\\\/2016\\\/06\\\/cemal_logo.png\",\"datePublished\":\"2015-02-20T20:12:00+00:00\",\"dateModified\":\"2021-06-22T20:33:54+00:00\",\"description\":\"Mamy ponad 25 lat do\u015bwiadczenia w produkcji rur \u017cebrowanych. Nasza technologia pozwala na produkcj\u0119 metod\u0105 integralnego walcowania na zimno.\",\"breadcrumb\":{\"@id\":\"https:\\\/\\\/cemal.com.pl\\\/en\\\/#breadcrumb\"},\"inLanguage\":\"en-US\",\"potentialAction\":[{\"@type\":\"ReadAction\",\"target\":[\"https:\\\/\\\/cemal.com.pl\\\/en\\\/\"]}]},{\"@type\":\"ImageObject\",\"inLanguage\":\"en-US\",\"@id\":\"https:\\\/\\\/cemal.com.pl\\\/en\\\/#primaryimage\",\"url\":\"http:\\\/\\\/cemal.com.pl\\\/wp-content\\\/uploads\\\/2016\\\/06\\\/cemal_logo.png\",\"contentUrl\":\"http:\\\/\\\/cemal.com.pl\\\/wp-content\\\/uploads\\\/2016\\\/06\\\/cemal_logo.png\"},{\"@type\":\"BreadcrumbList\",\"@id\":\"https:\\\/\\\/cemal.com.pl\\\/en\\\/#breadcrumb\",\"itemListElement\":[{\"@type\":\"ListItem\",\"position\":1,\"name\":\"Strona g\u0142\u00f3wna\",\"item\":\"https:\\\/\\\/cemal.com.pl\\\/en\\\/\"},{\"@type\":\"ListItem\",\"position\":2,\"name\":\"Home\"}]},{\"@type\":\"WebSite\",\"@id\":\"https:\\\/\\\/cemal.com.pl\\\/#website\",\"url\":\"https:\\\/\\\/cemal.com.pl\\\/\",\"name\":\"Cemal.com.pl\",\"description\":\"najwy\u017cszej jako\u015bci rury \u017cebrowane\",\"publisher\":{\"@id\":\"https:\\\/\\\/cemal.com.pl\\\/#organization\"},\"potentialAction\":[{\"@type\":\"SearchAction\",\"target\":{\"@type\":\"EntryPoint\",\"urlTemplate\":\"https:\\\/\\\/cemal.com.pl\\\/?s={search_term_string}\"},\"query-input\":{\"@type\":\"PropertyValueSpecification\",\"valueRequired\":true,\"valueName\":\"search_term_string\"}}],\"inLanguage\":\"en-US\"},{\"@type\":\"Organization\",\"@id\":\"https:\\\/\\\/cemal.com.pl\\\/#organization\",\"name\":\"Cemal Sp. z o.o.\",\"url\":\"https:\\\/\\\/cemal.com.pl\\\/\",\"logo\":{\"@type\":\"ImageObject\",\"inLanguage\":\"en-US\",\"@id\":\"https:\\\/\\\/cemal.com.pl\\\/#\\\/schema\\\/logo\\\/image\\\/\",\"url\":\"https:\\\/\\\/cemal.com.pl\\\/wp-content\\\/uploads\\\/2016\\\/05\\\/cemal_logo-e1464599744361.png\",\"contentUrl\":\"https:\\\/\\\/cemal.com.pl\\\/wp-content\\\/uploads\\\/2016\\\/05\\\/cemal_logo-e1464599744361.png\",\"width\":300,\"height\":38,\"caption\":\"Cemal Sp. z o.o.\"},\"image\":{\"@id\":\"https:\\\/\\\/cemal.com.pl\\\/#\\\/schema\\\/logo\\\/image\\\/\"}}]}<\/script>\n<!-- \/ Yoast SEO plugin. -->","yoast_head_json":{"title":"Cemal.com.pl &#8226; the highest quality finned tubes","description":"Mamy ponad 25 lat do\u015bwiadczenia w produkcji rur \u017cebrowanych. Nasza technologia pozwala na produkcj\u0119 metod\u0105 integralnego walcowania na zimno.","robots":{"index":"index","follow":"follow","max-snippet":"max-snippet:-1","max-image-preview":"max-image-preview:large","max-video-preview":"max-video-preview:-1"},"canonical":"https:\/\/cemal.com.pl\/en\/","og_locale":"en_US","og_type":"article","og_title":"Cemal.com.pl &#8226; the highest quality finned tubes","og_description":"Mamy ponad 25 lat do\u015bwiadczenia w produkcji rur \u017cebrowanych. Nasza technologia pozwala na produkcj\u0119 metod\u0105 integralnego walcowania na zimno.","og_url":"https:\/\/cemal.com.pl\/en\/","og_site_name":"Cemal.com.pl","article_modified_time":"2021-06-22T20:33:54+00:00","og_image":[{"url":"https:\/\/cemal.com.pl\/wp-content\/uploads\/2016\/06\/cemal_logo.png","type":"","width":"","height":""}],"twitter_card":"summary_large_image","twitter_misc":{"Est. reading time":"3 minutes"},"schema":{"@context":"https:\/\/schema.org","@graph":[{"@type":"WebPage","@id":"https:\/\/cemal.com.pl\/en\/","url":"https:\/\/cemal.com.pl\/en\/","name":"Cemal.com.pl &#8226; the highest quality finned tubes","isPartOf":{"@id":"https:\/\/cemal.com.pl\/#website"},"primaryImageOfPage":{"@id":"https:\/\/cemal.com.pl\/en\/#primaryimage"},"image":{"@id":"https:\/\/cemal.com.pl\/en\/#primaryimage"},"thumbnailUrl":"https:\/\/cemal.com.pl\/wp-content\/uploads\/2016\/06\/cemal_logo.png","datePublished":"2015-02-20T20:12:00+00:00","dateModified":"2021-06-22T20:33:54+00:00","description":"Mamy ponad 25 lat do\u015bwiadczenia w produkcji rur \u017cebrowanych. Nasza technologia pozwala na produkcj\u0119 metod\u0105 integralnego walcowania na zimno.","breadcrumb":{"@id":"https:\/\/cemal.com.pl\/en\/#breadcrumb"},"inLanguage":"en-US","potentialAction":[{"@type":"ReadAction","target":["https:\/\/cemal.com.pl\/en\/"]}]},{"@type":"ImageObject","inLanguage":"en-US","@id":"https:\/\/cemal.com.pl\/en\/#primaryimage","url":"https:\/\/cemal.com.pl\/wp-content\/uploads\/2016\/06\/cemal_logo.png","contentUrl":"https:\/\/cemal.com.pl\/wp-content\/uploads\/2016\/06\/cemal_logo.png"},{"@type":"BreadcrumbList","@id":"https:\/\/cemal.com.pl\/en\/#breadcrumb","itemListElement":[{"@type":"ListItem","position":1,"name":"Strona g\u0142\u00f3wna","item":"https:\/\/cemal.com.pl\/en\/"},{"@type":"ListItem","position":2,"name":"Home"}]},{"@type":"WebSite","@id":"https:\/\/cemal.com.pl\/#website","url":"https:\/\/cemal.com.pl\/","name":"Cemal.com.pl","description":"najwy\u017cszej jako\u015bci rury \u017cebrowane","publisher":{"@id":"https:\/\/cemal.com.pl\/#organization"},"potentialAction":[{"@type":"SearchAction","target":{"@type":"EntryPoint","urlTemplate":"https:\/\/cemal.com.pl\/?s={search_term_string}"},"query-input":{"@type":"PropertyValueSpecification","valueRequired":true,"valueName":"search_term_string"}}],"inLanguage":"en-US"},{"@type":"Organization","@id":"https:\/\/cemal.com.pl\/#organization","name":"Cemal Sp. z o.o.","url":"https:\/\/cemal.com.pl\/","logo":{"@type":"ImageObject","inLanguage":"en-US","@id":"https:\/\/cemal.com.pl\/#\/schema\/logo\/image\/","url":"https:\/\/cemal.com.pl\/wp-content\/uploads\/2016\/05\/cemal_logo-e1464599744361.png","contentUrl":"https:\/\/cemal.com.pl\/wp-content\/uploads\/2016\/05\/cemal_logo-e1464599744361.png","width":300,"height":38,"caption":"Cemal Sp. z o.o."},"image":{"@id":"https:\/\/cemal.com.pl\/#\/schema\/logo\/image\/"}}]}},"_links":{"self":[{"href":"https:\/\/cemal.com.pl\/en\/wp-json\/wp\/v2\/pages\/1274","targetHints":{"allow":["GET"]}}],"collection":[{"href":"https:\/\/cemal.com.pl\/en\/wp-json\/wp\/v2\/pages"}],"about":[{"href":"https:\/\/cemal.com.pl\/en\/wp-json\/wp\/v2\/types\/page"}],"author":[{"embeddable":true,"href":"https:\/\/cemal.com.pl\/en\/wp-json\/wp\/v2\/users\/1"}],"replies":[{"embeddable":true,"href":"https:\/\/cemal.com.pl\/en\/wp-json\/wp\/v2\/comments?post=1274"}],"version-history":[{"count":9,"href":"https:\/\/cemal.com.pl\/en\/wp-json\/wp\/v2\/pages\/1274\/revisions"}],"predecessor-version":[{"id":1452,"href":"https:\/\/cemal.com.pl\/en\/wp-json\/wp\/v2\/pages\/1274\/revisions\/1452"}],"wp:attachment":[{"href":"https:\/\/cemal.com.pl\/en\/wp-json\/wp\/v2\/media?parent=1274"}],"curies":[{"name":"wp","href":"https:\/\/api.w.org\/{rel}","templated":true}]}}